{"id":461,"date":"2023-06-26T12:26:42","date_gmt":"2023-06-26T12:26:42","guid":{"rendered":"https:\/\/chateau-pontet-deyrans.fr\/discover-eyrans-and-the-surrounding-area\/"},"modified":"2024-01-03T09:12:43","modified_gmt":"2024-01-03T09:12:43","slug":"discover-eyrans-and-the-surrounding-area","status":"publish","type":"page","link":"https:\/\/chateau-pontet-deyrans.fr\/en\/discover-eyrans-and-the-surrounding-area\/","title":{"rendered":"DISCOVER EYRANS AND THE SURROUNDING AREA"},"content":{"rendered":"<p>[et_pb_section fb_built=&#8221;1&#8243; admin_label=&#8221;Header&#8221; _builder_version=&#8221;4.21.0&#8243; use_background_color_gradient=&#8221;on&#8221; background_color_gradient_type=&#8221;circular&#8221; background_color_gradient_direction_radial=&#8221;top left&#8221; background_color_gradient_stops=&#8221;rgba(255,255,255,0.89) 30%|rgba(255,255,255,0) 80%&#8221; background_color_gradient_overlays_image=&#8221;on&#8221; background_color_gradient_start=&#8221;rgba(255,255,255,0.89)&#8221; background_color_gradient_start_position=&#8221;30%&#8221; background_color_gradient_end=&#8221;rgba(255,255,255,0)&#8221; background_color_gradient_end_position=&#8221;80%&#8221; background_image=&#8221;https:\/\/chateau-pontet-deyrans.fr\/wp-content\/uploads\/2023\/06\/IMAGE-ILLUSTRATIION-RANDONNEE.jpeg&#8221; custom_margin=&#8221;|||&#8221; custom_padding=&#8221;12vw||12vw||true|&#8221; global_colors_info=&#8221;{}&#8221;][et_pb_row _builder_version=&#8221;4.16&#8243; global_colors_info=&#8221;{}&#8221;][et_pb_column type=&#8221;4_4&#8243; _builder_version=&#8221;4.16&#8243; custom_padding=&#8221;|||&#8221; global_colors_info=&#8221;{}&#8221; custom_padding__hover=&#8221;|||&#8221;][et_pb_text _builder_version=&#8221;4.21.0&#8243; header_font=&#8221;Aboreto|300||on|||||&#8221; header_text_color=&#8221;#b39978&#8243; header_font_size=&#8221;86px&#8221; header_line_height=&#8221;1.2em&#8221; header_2_font=&#8221;Aboreto|300||on|||||&#8221; header_2_text_color=&#8221;#b39978&#8243; header_2_font_size=&#8221;46px&#8221; header_2_line_height=&#8221;1.2em&#8221; max_width=&#8221;900px&#8221; custom_margin=&#8221;||2px|||&#8221; header_font_size_tablet=&#8221;40px&#8221; header_font_size_phone=&#8221;24px&#8221; header_font_size_last_edited=&#8221;on|desktop&#8221; header_2_font_size_tablet=&#8221;40px&#8221; header_2_font_size_phone=&#8221;24px&#8221; header_2_font_size_last_edited=&#8221;on|desktop&#8221; global_colors_info=&#8221;{}&#8221;]<\/p>\n<h1>DISCOVER EYRANS &amp; SURROUNDINGS<\/h1>\n<h2>ACTIVITIES AND DISCOVERY<\/h2>\n<div id=\"gtx-trans\" style=\"position: absolute; left: -74px; top: 64.875px;\">\n<div class=\"gtx-trans-icon\"><\/div>\n<\/div>\n<p>[\/et_pb_text][\/et_pb_column][\/et_pb_row][\/et_pb_section][et_pb_section fb_built=&#8221;1&#8243; admin_label=&#8221;About&#8221; _builder_version=&#8221;4.16&#8243; global_colors_info=&#8221;{}&#8221;][et_pb_row custom_padding_last_edited=&#8221;on|desktop&#8221; _builder_version=&#8221;4.21.0&#8243; width=&#8221;100%&#8221; max_width=&#8221;1200px&#8221; custom_padding=&#8221;27px|100px|27px|100px|false|false&#8221; custom_padding_tablet=&#8221;|0px||0px||true&#8221; custom_padding_phone=&#8221;&#8221; global_colors_info=&#8221;{}&#8221;][et_pb_column type=&#8221;4_4&#8243; _builder_version=&#8221;4.16&#8243; custom_padding=&#8221;|||&#8221; global_colors_info=&#8221;{}&#8221; custom_padding__hover=&#8221;|||&#8221;][et_pb_text _builder_version=&#8221;4.21.0&#8243; text_font=&#8221;Poppins|300|||||||&#8221; text_font_size=&#8221;17px&#8221; text_line_height=&#8221;1.8em&#8221; header_2_font=&#8221;Aboreto|500|||||||&#8221; header_2_text_color=&#8221;#b39978&#8243; header_2_font_size=&#8221;35px&#8221; header_2_line_height=&#8221;1.2em&#8221; custom_margin=&#8221;||-7px|||&#8221; header_2_font_size_tablet=&#8221;32px&#8221; header_2_font_size_phone=&#8221;20px&#8221; header_2_font_size_last_edited=&#8221;on|desktop&#8221; global_colors_info=&#8221;{}&#8221;]<\/p>\n<h2 style=\"text-align: center;\">A rich history  <br \/>&amp; a variety of activities to discover<\/h2>\n<p style=\"text-align: center;\">Welcome to the Blayais region, a little gem nestled in the beautiful Nouvelle-Aquitaine region. Rich in history, culture and lush nature, around Eyrans you&#8217;ll find a wide choice of activities to discover. Whether you&#8217;re an outdoor enthusiast, a history buff or a gourmet of local cuisine, there&#8217;s something for everyone.<\/p>\n<p>[\/et_pb_text][\/et_pb_column][\/et_pb_row][\/et_pb_section][et_pb_section fb_built=&#8221;1&#8243; specialty=&#8221;on&#8221; admin_label=&#8221;Room&#8221; _builder_version=&#8221;4.16&#8243; global_colors_info=&#8221;{}&#8221;][et_pb_column type=&#8221;1_2&#8243; specialty_columns=&#8221;2&#8243; _builder_version=&#8221;4.16&#8243; custom_padding=&#8221;|||&#8221; global_colors_info=&#8221;{}&#8221; custom_padding__hover=&#8221;|||&#8221;][et_pb_row_inner _builder_version=&#8221;4.16&#8243; global_colors_info=&#8221;{}&#8221;][et_pb_column_inner saved_specialty_column_type=&#8221;1_2&#8243; _builder_version=&#8221;4.16&#8243; custom_padding=&#8221;|||&#8221; global_colors_info=&#8221;{}&#8221; custom_padding__hover=&#8221;|||&#8221;][et_pb_image src=&#8221;https:\/\/chateau-pontet-deyrans.fr\/wp-content\/uploads\/2023\/06\/vue-arriere-femme-assise-dans-galerie-art-devant-peintures-colorees_218872-4172.jpg&#8221; alt=&#8221;view-arriere-woman-seated-in-gallery-art-devant-colored-paintings_218872-4172&#8243; title_text=&#8221;view-arriere-woman-seated-in-gallery-art-devant-colored-paintings_218872-4172&#8243; align_tablet=&#8221;center&#8221; align_phone=&#8221;center&#8221; align_last_edited=&#8221;on|desktop&#8221; _builder_version=&#8221;4.21.0&#8243; locked=&#8221;off&#8221; global_colors_info=&#8221;{}&#8221;][\/et_pb_image][\/et_pb_column_inner][\/et_pb_row_inner][\/et_pb_column][et_pb_column type=&#8221;1_2&#8243; _builder_version=&#8221;4.16&#8243; custom_padding=&#8221;|||&#8221; global_colors_info=&#8221;{}&#8221; custom_padding__hover=&#8221;|||&#8221;][et_pb_text _builder_version=&#8221;4.21.0&#8243; text_font=&#8221;Poppins|300|||||||&#8221; text_font_size=&#8221;17px&#8221; text_line_height=&#8221;1.8em&#8221; header_2_font=&#8221;Aboreto|500|||||||&#8221; header_2_text_color=&#8221;#b39978&#8243; header_2_font_size=&#8221;35px&#8221; header_2_line_height=&#8221;1.2em&#8221; header_3_font=&#8221;Aboreto|500|||||||&#8221; header_3_text_color=&#8221;#b39978&#8243; header_3_font_size=&#8221;35px&#8221; header_3_line_height=&#8221;1.2em&#8221; header_4_font=&#8221;Raleway|300|||||||&#8221; header_4_font_size=&#8221;23px&#8221; custom_margin=&#8221;||-7px|||&#8221; header_2_font_size_tablet=&#8221;32px&#8221; header_2_font_size_phone=&#8221;20px&#8221; header_2_font_size_last_edited=&#8221;on|desktop&#8221; header_3_font_size_tablet=&#8221;32px&#8221; header_3_font_size_phone=&#8221;20px&#8221; header_3_font_size_last_edited=&#8221;on|desktop&#8221; locked=&#8221;off&#8221; global_colors_info=&#8221;{}&#8221;]<\/p>\n<h3>History &amp; Heritage<\/h3>\n<h4>Castles and Historic Monuments<\/h4>\n<p>Take time to explore the region&#8217;s many castles and historic monuments. You&#8217;ll discover centuries of history and remarkable architecture that tell the story of Nouvelle-Aquitaine and France. Here are just a few ideas for discoveries and walks: the Blaye citadel, the Patiras refuge, the Ch\u00e2teau Marquis de Vauban or the Ch\u00e2teau Cantinot&#8230;<\/p>\n<p>&nbsp;<\/p>\n<h4>Museums<\/h4>\n<p>For lovers of culture and history, there are numerous museums in the vicinity of Eyrans. Whether it&#8217;s a museum of art, natural history or local history, there&#8217;s a wide range of options to discover: The Mus\u00e9e d&#8217;Art et d&#8217;Histoire du Pays Blayais, the Mus\u00e9e d&#8217;Art et de Traditions Populaires in Montendre, or the Mus\u00e9e du Cheval in Cussac-Fort-M\u00e9doc.<\/p>\n<p>[\/et_pb_text][\/et_pb_column][\/et_pb_section][et_pb_section fb_built=&#8221;1&#8243; specialty=&#8221;on&#8221; admin_label=&#8221;Room&#8221; _builder_version=&#8221;4.16&#8243; global_colors_info=&#8221;{}&#8221;][et_pb_column type=&#8221;1_2&#8243; _builder_version=&#8221;4.16&#8243; custom_padding=&#8221;|||&#8221; global_colors_info=&#8221;{}&#8221; custom_padding__hover=&#8221;|||&#8221;][et_pb_text _builder_version=&#8221;4.21.0&#8243; text_font=&#8221;Poppins|300|||||||&#8221; text_font_size=&#8221;17px&#8221; text_line_height=&#8221;1.8em&#8221; header_2_font=&#8221;Aboreto|500|||||||&#8221; header_2_text_color=&#8221;#b39978&#8243; header_2_font_size=&#8221;35px&#8221; header_2_line_height=&#8221;1.2em&#8221; header_3_font=&#8221;Aboreto|500|||||||&#8221; header_3_text_color=&#8221;#b39978&#8243; header_3_font_size=&#8221;35px&#8221; header_3_line_height=&#8221;1.2em&#8221; header_4_font=&#8221;Raleway|300|||||||&#8221; header_4_font_size=&#8221;23px&#8221; custom_margin=&#8221;||-7px|||&#8221; header_2_font_size_tablet=&#8221;32px&#8221; header_2_font_size_phone=&#8221;20px&#8221; header_2_font_size_last_edited=&#8221;on|desktop&#8221; header_3_font_size_tablet=&#8221;32px&#8221; header_3_font_size_phone=&#8221;20px&#8221; header_3_font_size_last_edited=&#8221;on|desktop&#8221; locked=&#8221;off&#8221; global_colors_info=&#8221;{}&#8221;]<\/p>\n<h2>Nature et Plein Air<\/h2>\n<h3>Parks and Gardens<\/h3>\n<p><span>The area around Eyrans is blessed with breathtaking natural beauty. From local parks to large gardens, there&#8217;s something for every nature lover. For example, you can discover the Domaine de Grenad in Saint Selve, a landscaped park designed by B\u00dcHLER. It covers 153 hectares and boasts the largest rhododendron forest in Europe. There are many other parks and gardens to discover, and the tourist office will be able to point you in the right direction.<\/span><\/p>\n<p>&nbsp;<\/p>\n<h3>Outdoor Activities<\/h3>\n<p><span>For those who enjoy outdoor activities, there are plenty of opportunities around Eyrans. Whether you like hiking, cycling or fishing, you&#8217;ll find an activity to suit you. Are you a keen cyclist? The &#8220;Blaye-Etauliers&#8221; is for you! It&#8217;s a gentle, well-paved cycle path on the old railroad line, a must? Would you like to go for a walk? Discover &#8220;la ceinture&#8221;, a series of canals and wet meadows, on foot or by bike. Set on a migration route and in the heart of the wet meadows and drainage canals that run alongside the Gironde estuary, these areas are frequented by a wide variety of birds: little egret, red-breasted merganser, purple heron, black kite, kingfisher, shelduck, common scoter, marsh harrier and others come here to nest, winter or breed.A must-see!<\/span><\/p>\n<p><span><\/span><\/p>\n<p>[\/et_pb_text][\/et_pb_column][et_pb_column type=&#8221;1_2&#8243; specialty_columns=&#8221;2&#8243; _builder_version=&#8221;4.16&#8243; custom_padding=&#8221;|||&#8221; global_colors_info=&#8221;{}&#8221; custom_padding__hover=&#8221;|||&#8221;][et_pb_row_inner _builder_version=&#8221;4.16&#8243; global_colors_info=&#8221;{}&#8221;][et_pb_column_inner saved_specialty_column_type=&#8221;1_2&#8243; _builder_version=&#8221;4.16&#8243; custom_padding=&#8221;|||&#8221; global_colors_info=&#8221;{}&#8221; custom_padding__hover=&#8221;|||&#8221;][et_pb_image src=&#8221;https:\/\/chateau-pontet-deyrans.fr\/wp-content\/uploads\/2023\/06\/groupe-amis-faire-du-velo-montagne-dans-foret-ensemble.jpg&#8221; alt=&#8221;groupe-amis-faire-du-velo-montagne-dans-foret-ensemble&#8221; title_text=&#8221;groupe-amis-faire-du-velo-montagne-dans-foret-ensemble&#8221; _builder_version=&#8221;4.21.0&#8243; _module_preset=&#8221;default&#8221; global_colors_info=&#8221;{}&#8221;][\/et_pb_image][\/et_pb_column_inner][\/et_pb_row_inner][et_pb_row_inner column_structure=&#8221;1_2,1_2&#8243; _builder_version=&#8221;4.20.2&#8243; _module_preset=&#8221;default&#8221; global_colors_info=&#8221;{}&#8221;][et_pb_column_inner type=&#8221;1_2&#8243; saved_specialty_column_type=&#8221;1_2&#8243; _builder_version=&#8221;4.20.2&#8243; _module_preset=&#8221;default&#8221; global_colors_info=&#8221;{}&#8221;][et_pb_blurb use_icon=&#8221;on&#8221; font_icon=&#8221;&#xf54b;||fa||900&#8243; icon_color=&#8221;#b39978&#8243; icon_placement=&#8221;left&#8221; image_icon_width=&#8221;23px&#8221; _builder_version=&#8221;4.21.0&#8243; _module_preset=&#8221;default&#8221; body_font=&#8221;Quicksand||||||||&#8221; global_colors_info=&#8221;{}&#8221;]<\/p>\n<p><span>Hiking<\/span><\/p>\n<p>[\/et_pb_blurb][et_pb_blurb use_icon=&#8221;on&#8221; font_icon=&#8221;&#xf1b0;||fa||900&#8243; icon_color=&#8221;#b39978&#8243; icon_placement=&#8221;left&#8221; image_icon_width=&#8221;23px&#8221; _builder_version=&#8221;4.21.0&#8243; _module_preset=&#8221;default&#8221; body_font=&#8221;Quicksand||||||||&#8221; global_colors_info=&#8221;{}&#8221;]<\/p>\n<p><span>Discovering flora and fauna<\/span><\/p>\n<p>[\/et_pb_blurb][\/et_pb_column_inner][et_pb_column_inner type=&#8221;1_2&#8243; saved_specialty_column_type=&#8221;1_2&#8243; _builder_version=&#8221;4.20.2&#8243; _module_preset=&#8221;default&#8221; global_colors_info=&#8221;{}&#8221;][et_pb_blurb use_icon=&#8221;on&#8221; font_icon=&#8221;&#xf84a;||fa||900&#8243; icon_color=&#8221;#b39978&#8243; icon_placement=&#8221;left&#8221; image_icon_width=&#8221;23px&#8221; _builder_version=&#8221;4.21.0&#8243; _module_preset=&#8221;default&#8221; body_font=&#8221;Quicksand||||||||&#8221; global_colors_info=&#8221;{}&#8221;]<\/p>\n<p><span>Bike rides<\/span><\/p>\n<p>[\/et_pb_blurb][\/et_pb_column_inner][\/et_pb_row_inner][\/et_pb_column][\/et_pb_section][et_pb_section fb_built=&#8221;1&#8243; specialty=&#8221;on&#8221; admin_label=&#8221;Room&#8221; _builder_version=&#8221;4.16&#8243; custom_padding=&#8221;||170px|||&#8221; global_colors_info=&#8221;{}&#8221;][et_pb_column type=&#8221;1_2&#8243; specialty_columns=&#8221;2&#8243; _builder_version=&#8221;4.16&#8243; custom_padding=&#8221;|||&#8221; global_colors_info=&#8221;{}&#8221; custom_padding__hover=&#8221;|||&#8221;][et_pb_row_inner _builder_version=&#8221;4.16&#8243; global_colors_info=&#8221;{}&#8221;][et_pb_column_inner saved_specialty_column_type=&#8221;1_2&#8243; _builder_version=&#8221;4.16&#8243; custom_padding=&#8221;|||&#8221; global_colors_info=&#8221;{}&#8221; custom_padding__hover=&#8221;|||&#8221;][et_pb_image src=&#8221;https:\/\/chateau-pontet-deyrans.fr\/wp-content\/uploads\/2023\/06\/vin-luxe-verse-dans-verrerie-elegante-generee-par-ia.jpg&#8221; alt=&#8221;wine-luxe-verse-in-elegant-glassware-generated-by-ia&#8221; title_text=&#8221;wine-luxe-verse-in-elegant-glassware-generated-by-ia&#8221; align_tablet=&#8221;center&#8221; align_phone=&#8221;center&#8221; align_last_edited=&#8221;on|desktop&#8221; _builder_version=&#8221;4.21.0&#8243; locked=&#8221;off&#8221; global_colors_info=&#8221;{}&#8221;][\/et_pb_image][\/et_pb_column_inner][\/et_pb_row_inner][et_pb_row_inner column_structure=&#8221;1_2,1_2&#8243; _builder_version=&#8221;4.20.2&#8243; _module_preset=&#8221;default&#8221; locked=&#8221;off&#8221; global_colors_info=&#8221;{}&#8221;][et_pb_column_inner type=&#8221;1_2&#8243; saved_specialty_column_type=&#8221;1_2&#8243; _builder_version=&#8221;4.20.2&#8243; _module_preset=&#8221;default&#8221; global_colors_info=&#8221;{}&#8221;][et_pb_blurb use_icon=&#8221;on&#8221; font_icon=&#8221;&#xf5ce;||fa||900&#8243; icon_color=&#8221;#b39978&#8243; icon_placement=&#8221;left&#8221; image_icon_width=&#8221;23px&#8221; _builder_version=&#8221;4.21.0&#8243; _module_preset=&#8221;default&#8221; body_font=&#8221;Quicksand||||||||&#8221; hover_enabled=&#8221;0&#8243; global_colors_info=&#8221;{}&#8221; sticky_enabled=&#8221;0&#8243;]<\/p>\n<p><span>Blaye<\/span><\/p>\n<p>[\/et_pb_blurb][et_pb_blurb use_icon=&#8221;on&#8221; font_icon=&#8221;&#xf5ce;||fa||900&#8243; icon_color=&#8221;#b39978&#8243; icon_placement=&#8221;left&#8221; image_icon_width=&#8221;23px&#8221; _builder_version=&#8221;4.21.0&#8243; _module_preset=&#8221;default&#8221; body_font=&#8221;Quicksand||||||||&#8221; hover_enabled=&#8221;0&#8243; global_colors_info=&#8221;{}&#8221; sticky_enabled=&#8221;0&#8243;]<\/p>\n<p><span>C\u00f4te-de-Blaye<\/span><\/p>\n<p>[\/et_pb_blurb][\/et_pb_column_inner][et_pb_column_inner type=&#8221;1_2&#8243; saved_specialty_column_type=&#8221;1_2&#8243; _builder_version=&#8221;4.20.2&#8243; _module_preset=&#8221;default&#8221; global_colors_info=&#8221;{}&#8221;][et_pb_blurb use_icon=&#8221;on&#8221; font_icon=&#8221;&#xf5ce;||fa||900&#8243; icon_color=&#8221;#b39978&#8243; icon_placement=&#8221;left&#8221; image_icon_width=&#8221;23px&#8221; _builder_version=&#8221;4.21.0&#8243; _module_preset=&#8221;default&#8221; body_font=&#8221;Quicksand||||||||&#8221; global_colors_info=&#8221;{}&#8221;]<\/p>\n<p><span>Bordeaux coast<\/span><\/p>\n<p>[\/et_pb_blurb][et_pb_blurb use_icon=&#8221;on&#8221; font_icon=&#8221;&#xf5ce;||fa||900&#8243; icon_color=&#8221;#b39978&#8243; icon_placement=&#8221;left&#8221; image_icon_width=&#8221;23px&#8221; _builder_version=&#8221;4.21.0&#8243; _module_preset=&#8221;default&#8221; body_font=&#8221;Quicksand||||||||&#8221; global_colors_info=&#8221;{}&#8221;]<\/p>\n<p><span>C\u00f4te de Bourg<\/span><\/p>\n<p>[\/et_pb_blurb][\/et_pb_column_inner][\/et_pb_row_inner][\/et_pb_column][et_pb_column type=&#8221;1_2&#8243; _builder_version=&#8221;4.16&#8243; custom_padding=&#8221;|||&#8221; global_colors_info=&#8221;{}&#8221; custom_padding__hover=&#8221;|||&#8221;][et_pb_text _builder_version=&#8221;4.21.0&#8243; text_font=&#8221;Poppins|300|||||||&#8221; text_font_size=&#8221;17px&#8221; text_line_height=&#8221;1.8em&#8221; header_2_font=&#8221;Aboreto|500|||||||&#8221; header_2_text_color=&#8221;#b39978&#8243; header_2_font_size=&#8221;35px&#8221; header_2_line_height=&#8221;1.2em&#8221; header_3_font=&#8221;Aboreto|500|||||||&#8221; header_3_text_color=&#8221;#b39978&#8243; header_3_font_size=&#8221;35px&#8221; header_3_line_height=&#8221;1.2em&#8221; header_4_font=&#8221;Raleway|300|||||||&#8221; header_4_font_size=&#8221;23px&#8221; custom_margin=&#8221;||-7px|||&#8221; header_2_font_size_tablet=&#8221;32px&#8221; header_2_font_size_phone=&#8221;20px&#8221; header_2_font_size_last_edited=&#8221;on|desktop&#8221; header_3_font_size_tablet=&#8221;32px&#8221; header_3_font_size_phone=&#8221;20px&#8221; header_3_font_size_last_edited=&#8221;on|desktop&#8221; locked=&#8221;off&#8221; global_colors_info=&#8221;{}&#8221;]<\/p>\n<h2>  Gastronomy<br \/>&amp; Local Wines<\/h2>\n<h3>Restaurants and local markets<\/h3>\n<p><span>Enjoy local cuisine at one of the many restaurants and markets in the area. From fresh local produce to traditional recipes, you&#8217;ll get a taste of Gironde&#8217;s rich gastronomic culture. If you get the chance to try Pigne du Blayais, these are aniseed-flavored bread rolls. Some like them crisp, others more white, warm or cold. Some people enjoy it with tapenade or butter, and sometimes even with jam&#8230; A delicious treat! Many other specialities, such as asparagus from the sands of Blaye, are on offer, for gourmets and others alike&#8230;  <\/span><\/p>\n<p>&nbsp;<\/p>\n<h3>Vineyards and Wine Tastings<\/h3>\n<p><span>While you&#8217;re in Gironde, be sure to visit one of the region&#8217;s many vineyards. Enjoy a wine tasting and discover the unique flavors of this world-renowned wine region.  <\/span><\/p>\n<p><span><\/span><\/p>\n<p>[\/et_pb_text][\/et_pb_column][\/et_pb_section][et_pb_section fb_built=&#8221;1&#8243; admin_label=&#8221;Footer Links&#8221; _builder_version=&#8221;4.18.0&#8243; _module_preset=&#8221;default&#8221; background_color=&#8221;gcid-869f4c9d-6bb0-4a5e-ae84-784939b37d36&#8243; global_module=&#8221;178&#8243; saved_tabs=&#8221;all&#8221; collapsed=&#8221;on&#8221; global_colors_info=&#8221;{%22gcid-869f4c9d-6bb0-4a5e-ae84-784939b37d36%22:%91%22background_color%22%93}&#8221;][et_pb_row column_structure=&#8221;1_3,1_3,1_3&#8243; _builder_version=&#8221;4.16&#8243; _module_preset=&#8221;default&#8221; locked=&#8221;off&#8221; global_colors_info=&#8221;{}&#8221;][et_pb_column type=&#8221;1_3&#8243; _builder_version=&#8221;4.16&#8243; _module_preset=&#8221;default&#8221; global_colors_info=&#8221;{}&#8221;][et_pb_image src=&#8221;https:\/\/chateau-pontet-deyrans.fr\/wp-content\/uploads\/2023\/03\/Logo-Chateau-pontet-deyrans-ss-fond.png&#8221; alt=&#8221;Logo Ch\u00e2teau pontet d&apos;eyrans (background)&#8221; title_text=&#8221;Logo Ch\u00e2teau pontet d&apos;eyrans (background)&#8221; force_fullwidth=&#8221;on&#8221; _builder_version=&#8221;4.20.2&#8243; _module_preset=&#8221;default&#8221; global_colors_info=&#8221;{}&#8221;][\/et_pb_image][\/et_pb_column][et_pb_column type=&#8221;1_3&#8243; _builder_version=&#8221;4.16&#8243; _module_preset=&#8221;default&#8221; global_colors_info=&#8221;{}&#8221;][et_pb_text _builder_version=&#8221;4.20.2&#8243; _module_preset=&#8221;ea40a494-2746-4a68-8793-e6433c7ed8cd&#8221; header_4_font=&#8221;Quicksand|600|||||||&#8221; header_4_text_color=&#8221;#FFFFFF&#8221; header_4_font_size=&#8221;16px&#8221; header_4_line_height=&#8221;1.5em&#8221; custom_margin=&#8221;||0px||false|false&#8221; locked=&#8221;off&#8221; global_colors_info=&#8221;{}&#8221;]<\/p>\n<h4><span style=\"text-decoration: underline;\">USEFUL LINKS<\/span><\/h4>\n<div id=\"gtx-trans\" style=\"position: absolute; left: -43px; top: -4.73438px;\">\n<div class=\"gtx-trans-icon\"><\/div>\n<\/div>\n<p>[\/et_pb_text][et_pb_button button_url=&#8221;@ET-DC@eyJkeW5hbWljIjp0cnVlLCJjb250ZW50IjoicG9zdF9saW5rX3VybF9wYWdlIiwic2V0dGluZ3MiOnsicG9zdF9pZCI6IiIsImVuYWJsZV9odG1sIjoib2ZmIn19@&#8221; button_text=&#8221;Home&#8221; _builder_version=&#8221;4.20.2&#8243; _dynamic_attributes=&#8221;button_url&#8221; _module_preset=&#8221;default&#8221; custom_button=&#8221;on&#8221; button_text_size=&#8221;16px&#8221; button_text_color=&#8221;#FFFFFF&#8221; button_border_width=&#8221;0px&#8221; button_icon=&#8221;&#x24;||divi||400&#8243; button_icon_placement=&#8221;left&#8221; button_on_hover=&#8221;off&#8221; custom_margin=&#8221;||0px||false|false&#8221; custom_padding=&#8221;||0px||false|false&#8221; custom_padding_tablet=&#8221;&#8221; custom_padding_phone=&#8221;&#8221; custom_padding_last_edited=&#8221;on|desktop&#8221; global_colors_info=&#8221;{}&#8221;][\/et_pb_button][et_pb_button button_url=&#8221;@ET-DC@eyJkeW5hbWljIjp0cnVlLCJjb250ZW50IjoicG9zdF9saW5rX3VybF9wYWdlIiwic2V0dGluZ3MiOnsicG9zdF9pZCI6IjI3MSIsImVuYWJsZV9odG1sIjoib2ZmIn19@&#8221; button_text=&#8221;About us&#8221; _builder_version=&#8221;4.20.2&#8243; _dynamic_attributes=&#8221;button_url&#8221; _module_preset=&#8221;default&#8221; custom_button=&#8221;on&#8221; button_text_size=&#8221;16px&#8221; button_text_color=&#8221;#FFFFFF&#8221; button_border_width=&#8221;0px&#8221; button_icon=&#8221;&#x24;||divi||400&#8243; button_icon_placement=&#8221;left&#8221; button_on_hover=&#8221;off&#8221; custom_margin=&#8221;||0px||false|false&#8221; custom_padding=&#8221;||0px||false|false&#8221; custom_padding_tablet=&#8221;&#8221; custom_padding_phone=&#8221;&#8221; custom_padding_last_edited=&#8221;on|desktop&#8221; global_colors_info=&#8221;{}&#8221;][\/et_pb_button][et_pb_button button_url=&#8221;@ET-DC@eyJkeW5hbWljIjp0cnVlLCJjb250ZW50IjoicG9zdF9saW5rX3VybF9wYWdlIiwic2V0dGluZ3MiOnsicG9zdF9pZCI6IjE5NSIsImVuYWJsZV9odG1sIjoib2ZmIn19@&#8221; button_text=&#8221;Hosting&#8221; _builder_version=&#8221;4.20.2&#8243; _dynamic_attributes=&#8221;button_url&#8221; _module_preset=&#8221;default&#8221; custom_button=&#8221;on&#8221; button_text_size=&#8221;16px&#8221; button_text_color=&#8221;#FFFFFF&#8221; button_border_width=&#8221;0px&#8221; button_icon=&#8221;&#x24;||divi||400&#8243; button_icon_placement=&#8221;left&#8221; button_on_hover=&#8221;off&#8221; custom_margin=&#8221;||0px||false|false&#8221; custom_padding=&#8221;||0px||false|false&#8221; custom_padding_tablet=&#8221;&#8221; custom_padding_phone=&#8221;&#8221; custom_padding_last_edited=&#8221;on|desktop&#8221; global_colors_info=&#8221;{}&#8221;][\/et_pb_button][et_pb_button button_url=&#8221;@ET-DC@eyJkeW5hbWljIjp0cnVlLCJjb250ZW50IjoicG9zdF9saW5rX3VybF9wYWdlIiwic2V0dGluZ3MiOnsicG9zdF9pZCI6IjIzMCIsImVuYWJsZV9odG1sIjoib2ZmIn19@&#8221; button_text=&#8221;Event organization&#8221; _builder_version=&#8221;4.20.2&#8243; _dynamic_attributes=&#8221;button_url&#8221; _module_preset=&#8221;default&#8221; custom_button=&#8221;on&#8221; button_text_size=&#8221;16px&#8221; button_text_color=&#8221;#FFFFFF&#8221; button_border_width=&#8221;0px&#8221; button_icon=&#8221;&#x24;||divi||400&#8243; button_icon_placement=&#8221;left&#8221; button_on_hover=&#8221;off&#8221; custom_margin=&#8221;||0px||false|false&#8221; custom_padding=&#8221;||0px||false|false&#8221; custom_padding_tablet=&#8221;&#8221; custom_padding_phone=&#8221;&#8221; custom_padding_last_edited=&#8221;on|desktop&#8221; global_colors_info=&#8221;{}&#8221;][\/et_pb_button][et_pb_button button_url=&#8221;@ET-DC@eyJkeW5hbWljIjp0cnVlLCJjb250ZW50IjoicG9zdF9saW5rX3VybF9wYWdlIiwic2V0dGluZ3MiOnsicG9zdF9pZCI6IjE3MCIsImVuYWJsZV9odG1sIjoib2ZmIn19@&#8221; button_text=&#8221;Contact&#8221; _builder_version=&#8221;4.20.2&#8243; _dynamic_attributes=&#8221;button_url&#8221; _module_preset=&#8221;default&#8221; custom_button=&#8221;on&#8221; button_text_size=&#8221;16px&#8221; button_text_color=&#8221;#FFFFFF&#8221; button_border_width=&#8221;0px&#8221; button_icon=&#8221;&#x24;||divi||400&#8243; button_icon_placement=&#8221;left&#8221; button_on_hover=&#8221;off&#8221; custom_margin=&#8221;0px||||false|false&#8221; custom_padding=&#8221;0px||||false|false&#8221; global_colors_info=&#8221;{}&#8221;][\/et_pb_button][\/et_pb_column][et_pb_column type=&#8221;1_3&#8243; _builder_version=&#8221;4.16&#8243; _module_preset=&#8221;default&#8221; global_colors_info=&#8221;{}&#8221;][\/et_pb_column][\/et_pb_row][\/et_pb_section]<\/p>\n","protected":false},"excerpt":{"rendered":"<p>DISCOVER EYRANS &amp; SURROUNDINGS ACTIVITIES AND DISCOVERY A rich history &amp; a variety of activities to discover Welcome to the Blayais region, a little gem nestled in the beautiful Nouvelle-Aquitaine region. Rich in history, culture and lush nature, around Eyrans you&#8217;ll find a wide choice of activities to discover. Whether you&#8217;re an outdoor enthusiast, a [&hellip;]<\/p>\n","protected":false},"author":1,"featured_media":0,"parent":0,"menu_order":0,"comment_status":"closed","ping_status":"closed","template":"","meta":{"_et_pb_use_builder":"on","_et_pb_old_content":"","_et_gb_content_width":"","footnotes":""},"class_list":["post-461","page","type-page","status-publish","hentry"],"_links":{"self":[{"href":"https:\/\/chateau-pontet-deyrans.fr\/en\/wp-json\/wp\/v2\/pages\/461","targetHints":{"allow":["GET"]}}],"collection":[{"href":"https:\/\/chateau-pontet-deyrans.fr\/en\/wp-json\/wp\/v2\/pages"}],"about":[{"href":"https:\/\/chateau-pontet-deyrans.fr\/en\/wp-json\/wp\/v2\/types\/page"}],"author":[{"embeddable":true,"href":"https:\/\/chateau-pontet-deyrans.fr\/en\/wp-json\/wp\/v2\/users\/1"}],"replies":[{"embeddable":true,"href":"https:\/\/chateau-pontet-deyrans.fr\/en\/wp-json\/wp\/v2\/comments?post=461"}],"version-history":[{"count":2,"href":"https:\/\/chateau-pontet-deyrans.fr\/en\/wp-json\/wp\/v2\/pages\/461\/revisions"}],"predecessor-version":[{"id":463,"href":"https:\/\/chateau-pontet-deyrans.fr\/en\/wp-json\/wp\/v2\/pages\/461\/revisions\/463"}],"wp:attachment":[{"href":"https:\/\/chateau-pontet-deyrans.fr\/en\/wp-json\/wp\/v2\/media?parent=461"}],"curies":[{"name":"wp","href":"https:\/\/api.w.org\/{rel}","templated":true}]}}